{"id":49586,"date":"2022-05-23T13:39:25","date_gmt":"2022-05-23T11:39:25","guid":{"rendered":"https:\/\/www.inselbrise-norderney.de\/impressum\/"},"modified":"2025-09-08T11:29:08","modified_gmt":"2025-09-08T09:29:08","slug":"imprint","status":"publish","type":"page","link":"https:\/\/www.seemoi.de\/en\/imprint\/","title":{"rendered":"Imprint"},"content":{"rendered":"<p>[et_pb_section fb_built=&#8221;1&#8243; custom_padding_last_edited=&#8221;on|phone&#8221; _builder_version=&#8221;4.16&#8243; custom_padding=&#8221;96px||90px||false|false&#8221; custom_padding_tablet=&#8221;80px||70px||false|false&#8221; custom_padding_phone=&#8221;60px||50px||false|false&#8221; locked=&#8221;off&#8221; global_colors_info=&#8221;{}&#8221;][et_pb_row _builder_version=&#8221;4.16&#8243; custom_padding=&#8221;0px||0px||false|false&#8221; global_colors_info=&#8221;{}&#8221;][et_pb_column type=&#8221;4_4&#8243; _builder_version=&#8221;4.16&#8243; custom_padding=&#8221;|||&#8221; global_colors_info=&#8221;{}&#8221; custom_padding__hover=&#8221;|||&#8221;][et_pb_text _builder_version=&#8221;4.16&#8243; header_font_size=&#8221;80px&#8221; header_line_height=&#8221;120%&#8221; text_orientation=&#8221;center&#8221; header_font_size_tablet=&#8221;45px&#8221; header_font_size_phone=&#8221;35px&#8221; header_font_size_last_edited=&#8221;on|phone&#8221; global_colors_info=&#8221;{}&#8221;]<\/p>\n<h1>Imprint<\/h1>\n<p>[\/et_pb_text][\/et_pb_column][\/et_pb_row][\/et_pb_section][et_pb_section fb_built=&#8221;1&#8243; custom_padding_last_edited=&#8221;on|phone&#8221; _builder_version=&#8221;4.16&#8243; custom_padding=&#8221;0px||100px||false|false&#8221; custom_padding_tablet=&#8221;0px||80px||false|false&#8221; custom_padding_phone=&#8221;0px||60px||false|false&#8221; locked=&#8221;off&#8221; global_colors_info=&#8221;{}&#8221;][et_pb_row column_structure=&#8221;1_4,3_4&#8243; use_custom_gutter=&#8221;on&#8221; gutter_width=&#8221;2&#8243; make_equal=&#8221;on&#8221; _builder_version=&#8221;4.16&#8243; background_size=&#8221;initial&#8221; background_position=&#8221;top_left&#8221; background_repeat=&#8221;repeat&#8221; custom_padding=&#8221;0px||0px||false|false&#8221; custom_css_main_element=&#8221;align-items: baseline;&#8221; global_colors_info=&#8221;{}&#8221; custom_css_main_element_last_edited=&#8221;off|desktop&#8221;][et_pb_column type=&#8221;1_4&#8243; _builder_version=&#8221;4.16&#8243; custom_padding=&#8221;|||&#8221; custom_css_main_element=&#8221;width: 340px !important;||margin-right: 0 !important;&#8221; global_colors_info=&#8221;{}&#8221; custom_padding__hover=&#8221;|||&#8221; custom_css_main_element_last_edited=&#8221;on|desktop&#8221; custom_css_main_element_tablet=&#8221;width: 100% !important;&#8221; custom_css_main_element_phone=&#8221;width: 100% !important;&#8221;][et_pb_text module_class=&#8221;data-protection-sidebar link link&#8211;hover-underline&#8221; _builder_version=&#8221;4.26.0&#8243; _module_preset=&#8221;default&#8221; text_font=&#8221;||||||||&#8221; text_font_size=&#8221;18px&#8221; text_line_height=&#8221;140%&#8221; header_4_font=&#8221;|600|||||||&#8221; header_4_line_height=&#8221;140%&#8221; max_width=&#8221;20rem&#8221; custom_margin=&#8221;||10px||false|false&#8221; text_font_size_tablet=&#8221;16px&#8221; text_font_size_phone=&#8221;16px&#8221; text_font_size_last_edited=&#8221;on|phone&#8221; header_4_font_size_tablet=&#8221;16px&#8221; header_4_font_size_phone=&#8221;16px&#8221; header_4_font_size_last_edited=&#8221;on|tablet&#8221; saved_tabs=&#8221;all&#8221; global_colors_info=&#8221;{}&#8221;]<\/p>\n<p>Seemoi Norderney<br \/>Bed &amp; Breakfast Pension<br \/>Heinrichstra\u00dfe 4a<br \/>26548 Norderney<\/p>\n<p>Gesch\u00e4ftsf\u00fchrerin: Medeliene Jagnow<\/p>\n<h4>Contact:<\/h4>\n<p>Tel.: +49 (0)4932 467 626<br \/>E-Mail: info@seemoi.de<\/p>\n<h4>Content responsibility:<\/h4>\n<p>Medeliene Jagnow<br \/>Heinrichstra\u00dfe 4a<br \/>26548 Norderney<\/p>\n<h4>Sales tax identification number according to Sect. 27 a of the Sales Tax Law:<\/h4>\n<p>DE346721191<\/p>\n<p>[\/et_pb_text][\/et_pb_column][et_pb_column type=&#8221;3_4&#8243; _builder_version=&#8221;4.16&#8243; custom_padding=&#8221;|||&#8221; custom_css_main_element=&#8221;width: calc(100% &#8211; 340px) !important;&#8221; global_colors_info=&#8221;{}&#8221; custom_padding__hover=&#8221;|||&#8221; custom_css_main_element_last_edited=&#8221;on|tablet&#8221; custom_css_main_element_tablet=&#8221;width: 100% !important;&#8221; custom_css_main_element_phone=&#8221;width: 100% !important;&#8221;][et_pb_text module_class=&#8221;data-protection link link&#8211;hover-underline&#8221; _builder_version=&#8221;4.27.4&#8243; text_font=&#8221;||||||||&#8221; text_font_size=&#8221;18px&#8221; text_line_height=&#8221;140%&#8221; header_3_font=&#8221;||||||||&#8221; header_3_font_size=&#8221;22.1px&#8221; header_3_line_height=&#8221;140%&#8221; background_size=&#8221;initial&#8221; background_position=&#8221;top_left&#8221; background_repeat=&#8221;repeat&#8221; max_width=&#8221;897px&#8221; max_width_tablet=&#8221;710px&#8221; max_width_phone=&#8221;710px&#8221; max_width_last_edited=&#8221;on|phone&#8221; custom_margin=&#8221;||||false|false&#8221; custom_margin_tablet=&#8221;||||false|false&#8221; custom_margin_last_edited=&#8221;off|desktop&#8221; custom_padding=&#8221;|||40px|false|false&#8221; custom_padding_tablet=&#8221;|||0px|false|false&#8221; custom_padding_phone=&#8221;|||0px|false|false&#8221; custom_padding_last_edited=&#8221;on|tablet&#8221; hover_enabled=&#8221;0&#8243; text_font_size_tablet=&#8221;16px&#8221; text_font_size_phone=&#8221;16px&#8221; text_font_size_last_edited=&#8221;on|desktop&#8221; header_3_font_size_tablet=&#8221;22px&#8221; header_3_font_size_phone=&#8221;20px&#8221; header_3_font_size_last_edited=&#8221;on|desktop&#8221; border_color_all=&#8221;rgba(41,40,37,0.2)&#8221; border_width_left=&#8221;1px&#8221; border_width_left_tablet=&#8221;0px&#8221; border_width_left_phone=&#8221;0px&#8221; border_width_left_last_edited=&#8221;on|tablet&#8221; global_colors_info=&#8221;{}&#8221; sticky_enabled=&#8221;0&#8243;]<\/p>\n<h3>Dispute resolution<\/h3>\n<p>We are not willing or obliged to participate in dispute settlement procedures before a consumer arbitration board.<\/p>\n<h3>Liability for content<\/h3>\n<p>As a service provider we are according to \u00a7 7 Abs.1 DDG responsible for its own content on these pages according to general laws. According to \u00a7\u00a7 8 to 10 DDG, however, we as a service provider are not obliged to monitor transmitted or stored third-party information or to investigate circumstances that indicate illegal activity.<\/p>\n<p>Obligations to remove or block the use of information according to general laws remain unaffected. However, liability in this regard is only possible from the point in time at which knowledge of a specific infringement of the law is known. As soon as we become aware of any violations of the law, we will remove this content immediately.<\/p>\n<h3>Liability for links<\/h3>\n<p>Our offer contains links to external websites over which we have no influence. Therefore we cannot assume any liability for this external content. The respective provider or operator of the pages is always responsible for the content of the linked pages. The linked pages were checked for possible legal violations at the time of linking. Illegal content was not recognizable at the time of linking.<\/p>\n<p>However, a permanent control of the content of the linked pages is not reasonable without concrete evidence of an infringement. As soon as we become aware of legal violations, we will remove such links immediately.<\/p>\n<h3>Copyright<\/h3>\n<p>The content and works on these pages created by the site operators are subject to German copyright law. The duplication, editing, distribution and any kind of exploitation outside the limits of copyright require the written consent of the respective author or creator. Downloads and copies of this site are only permitted for private, non-commercial use.<\/p>\n<p>Insofar as the content on this site was not created by the operator, the copyrights of third parties are observed. In particular contents of third parties are marked as such. Should you nevertheless become aware of a copyright infringement, we ask that you inform us accordingly. As soon as we become aware of legal violations, we will remove such content immediately.<\/p>\n<h3>Design and implementation:<\/h3>\n<p><a href=\"https:\/\/www.netfame.de\" target=\"_blank\" rel=\"noopener noreferrer\">www.netfame.de<\/a><\/p>\n<p>[\/et_pb_text][\/et_pb_column][\/et_pb_row][\/et_pb_section]<\/p>\n","protected":false},"excerpt":{"rendered":"<p>ImprintSeemoi NorderneyBed &amp; Breakfast PensionHeinrichstra\u00dfe 4a26548 Norderney Gesch\u00e4ftsf\u00fchrerin: Medeliene Jagnow Contact: Tel.: +49 (0)4932 467 626E-Mail: info@seemoi.de Content responsibility: Medeliene JagnowHeinrichstra\u00dfe 4a26548 Norderney Sales tax identification number according to Sect. 27 a of the Sales Tax Law: DE346721191Dispute resolution We are not willing or obliged to participate in dispute settlement procedures before a consumer arbitration [&hellip;]<\/p>\n","protected":false},"author":1,"featured_media":0,"parent":0,"menu_order":0,"comment_status":"closed","ping_status":"closed","template":"","meta":{"_et_pb_use_builder":"on","_et_pb_old_content":"","_et_gb_content_width":"","footnotes":""},"class_list":["post-49586","page","type-page","status-publish","hentry"],"yoast_head":"<!-- This site is optimized with the Yoast SEO plugin v27.5 - https:\/\/yoast.com\/product\/yoast-seo-wordpress\/ -->\n<title>Imprint - Seemoi Norderney - Bed &amp; Breakfast Pension<\/title>\n<meta name=\"robots\" content=\"index, follow, max-snippet:-1, max-image-preview:large, max-video-preview:-1\" \/>\n<link rel=\"canonical\" href=\"https:\/\/www.seemoi.de\/en\/imprint\/\" \/>\n<meta property=\"og:locale\" content=\"en_US\" \/>\n<meta property=\"og:type\" content=\"article\" \/>\n<meta property=\"og:title\" content=\"Imprint - Seemoi Norderney - Bed &amp; Breakfast Pension\" \/>\n<meta property=\"og:url\" content=\"https:\/\/www.seemoi.de\/en\/imprint\/\" \/>\n<meta property=\"og:site_name\" content=\"Seemoi Norderney - Bed &amp; Breakfast Pension\" \/>\n<meta property=\"article:modified_time\" content=\"2025-09-08T09:29:08+00:00\" \/>\n<meta property=\"og:image\" content=\"https:\/\/www.seemoi.de\/wp-content\/uploads\/2022\/03\/4.jpg\" \/>\n\t<meta property=\"og:image:width\" content=\"1200\" \/>\n\t<meta property=\"og:image:height\" content=\"675\" \/>\n\t<meta property=\"og:image:type\" content=\"image\/jpeg\" \/>\n<meta name=\"twitter:card\" content=\"summary_large_image\" \/>\n<meta name=\"twitter:label1\" content=\"Est. reading time\" \/>\n\t<meta name=\"twitter:data1\" content=\"4 minutes\" \/>\n<script type=\"application\/ld+json\" class=\"yoast-schema-graph\">{\"@context\":\"https:\\\/\\\/schema.org\",\"@graph\":[{\"@type\":\"WebPage\",\"@id\":\"https:\\\/\\\/www.seemoi.de\\\/en\\\/imprint\\\/\",\"url\":\"https:\\\/\\\/www.seemoi.de\\\/en\\\/imprint\\\/\",\"name\":\"Imprint - Seemoi Norderney - Bed &amp; Breakfast Pension\",\"isPartOf\":{\"@id\":\"https:\\\/\\\/www.seemoi.de\\\/#website\"},\"datePublished\":\"2022-05-23T11:39:25+00:00\",\"dateModified\":\"2025-09-08T09:29:08+00:00\",\"breadcrumb\":{\"@id\":\"https:\\\/\\\/www.seemoi.de\\\/en\\\/imprint\\\/#breadcrumb\"},\"inLanguage\":\"en-US\",\"potentialAction\":[{\"@type\":\"ReadAction\",\"target\":[\"https:\\\/\\\/www.seemoi.de\\\/en\\\/imprint\\\/\"]}]},{\"@type\":\"BreadcrumbList\",\"@id\":\"https:\\\/\\\/www.seemoi.de\\\/en\\\/imprint\\\/#breadcrumb\",\"itemListElement\":[{\"@type\":\"ListItem\",\"position\":1,\"name\":\"Startseite\",\"item\":\"https:\\\/\\\/www.seemoi.de\\\/en\\\/\"},{\"@type\":\"ListItem\",\"position\":2,\"name\":\"Imprint\"}]},{\"@type\":\"WebSite\",\"@id\":\"https:\\\/\\\/www.seemoi.de\\\/#website\",\"url\":\"https:\\\/\\\/www.seemoi.de\\\/\",\"name\":\"Seemoi Norderney - Bed &amp; Breakfast Pension\",\"description\":\"\",\"publisher\":{\"@id\":\"https:\\\/\\\/www.seemoi.de\\\/#organization\"},\"potentialAction\":[{\"@type\":\"SearchAction\",\"target\":{\"@type\":\"EntryPoint\",\"urlTemplate\":\"https:\\\/\\\/www.seemoi.de\\\/?s={search_term_string}\"},\"query-input\":{\"@type\":\"PropertyValueSpecification\",\"valueRequired\":true,\"valueName\":\"search_term_string\"}}],\"inLanguage\":\"en-US\"},{\"@type\":\"Organization\",\"@id\":\"https:\\\/\\\/www.seemoi.de\\\/#organization\",\"name\":\"Seemoi Norderney Bed & Breakfast Pension\",\"url\":\"https:\\\/\\\/www.seemoi.de\\\/\",\"logo\":{\"@type\":\"ImageObject\",\"inLanguage\":\"en-US\",\"@id\":\"https:\\\/\\\/www.seemoi.de\\\/#\\\/schema\\\/logo\\\/image\\\/\",\"url\":\"https:\\\/\\\/www.seemoi.de\\\/wp-content\\\/uploads\\\/2022\\\/03\\\/inselbrise-text.png\",\"contentUrl\":\"https:\\\/\\\/www.seemoi.de\\\/wp-content\\\/uploads\\\/2022\\\/03\\\/inselbrise-text.png\",\"width\":958,\"height\":194,\"caption\":\"Seemoi Norderney Bed & Breakfast Pension\"},\"image\":{\"@id\":\"https:\\\/\\\/www.seemoi.de\\\/#\\\/schema\\\/logo\\\/image\\\/\"}}]}<\/script>\n<!-- \/ Yoast SEO plugin. -->","yoast_head_json":{"title":"Imprint - Seemoi Norderney - Bed &amp; Breakfast Pension","robots":{"index":"index","follow":"follow","max-snippet":"max-snippet:-1","max-image-preview":"max-image-preview:large","max-video-preview":"max-video-preview:-1"},"canonical":"https:\/\/www.seemoi.de\/en\/imprint\/","og_locale":"en_US","og_type":"article","og_title":"Imprint - Seemoi Norderney - Bed &amp; Breakfast Pension","og_url":"https:\/\/www.seemoi.de\/en\/imprint\/","og_site_name":"Seemoi Norderney - Bed &amp; Breakfast Pension","article_modified_time":"2025-09-08T09:29:08+00:00","og_image":[{"width":1200,"height":675,"url":"https:\/\/www.seemoi.de\/wp-content\/uploads\/2022\/03\/4.jpg","type":"image\/jpeg"}],"twitter_card":"summary_large_image","twitter_misc":{"Est. reading time":"4 minutes"},"schema":{"@context":"https:\/\/schema.org","@graph":[{"@type":"WebPage","@id":"https:\/\/www.seemoi.de\/en\/imprint\/","url":"https:\/\/www.seemoi.de\/en\/imprint\/","name":"Imprint - Seemoi Norderney - Bed &amp; Breakfast Pension","isPartOf":{"@id":"https:\/\/www.seemoi.de\/#website"},"datePublished":"2022-05-23T11:39:25+00:00","dateModified":"2025-09-08T09:29:08+00:00","breadcrumb":{"@id":"https:\/\/www.seemoi.de\/en\/imprint\/#breadcrumb"},"inLanguage":"en-US","potentialAction":[{"@type":"ReadAction","target":["https:\/\/www.seemoi.de\/en\/imprint\/"]}]},{"@type":"BreadcrumbList","@id":"https:\/\/www.seemoi.de\/en\/imprint\/#breadcrumb","itemListElement":[{"@type":"ListItem","position":1,"name":"Startseite","item":"https:\/\/www.seemoi.de\/en\/"},{"@type":"ListItem","position":2,"name":"Imprint"}]},{"@type":"WebSite","@id":"https:\/\/www.seemoi.de\/#website","url":"https:\/\/www.seemoi.de\/","name":"Seemoi Norderney - Bed &amp; Breakfast Pension","description":"","publisher":{"@id":"https:\/\/www.seemoi.de\/#organization"},"potentialAction":[{"@type":"SearchAction","target":{"@type":"EntryPoint","urlTemplate":"https:\/\/www.seemoi.de\/?s={search_term_string}"},"query-input":{"@type":"PropertyValueSpecification","valueRequired":true,"valueName":"search_term_string"}}],"inLanguage":"en-US"},{"@type":"Organization","@id":"https:\/\/www.seemoi.de\/#organization","name":"Seemoi Norderney Bed & Breakfast Pension","url":"https:\/\/www.seemoi.de\/","logo":{"@type":"ImageObject","inLanguage":"en-US","@id":"https:\/\/www.seemoi.de\/#\/schema\/logo\/image\/","url":"https:\/\/www.seemoi.de\/wp-content\/uploads\/2022\/03\/inselbrise-text.png","contentUrl":"https:\/\/www.seemoi.de\/wp-content\/uploads\/2022\/03\/inselbrise-text.png","width":958,"height":194,"caption":"Seemoi Norderney Bed & Breakfast Pension"},"image":{"@id":"https:\/\/www.seemoi.de\/#\/schema\/logo\/image\/"}}]}},"_links":{"self":[{"href":"https:\/\/www.seemoi.de\/en\/wp-json\/wp\/v2\/pages\/49586","targetHints":{"allow":["GET"]}}],"collection":[{"href":"https:\/\/www.seemoi.de\/en\/wp-json\/wp\/v2\/pages"}],"about":[{"href":"https:\/\/www.seemoi.de\/en\/wp-json\/wp\/v2\/types\/page"}],"author":[{"embeddable":true,"href":"https:\/\/www.seemoi.de\/en\/wp-json\/wp\/v2\/users\/1"}],"replies":[{"embeddable":true,"href":"https:\/\/www.seemoi.de\/en\/wp-json\/wp\/v2\/comments?post=49586"}],"version-history":[{"count":7,"href":"https:\/\/www.seemoi.de\/en\/wp-json\/wp\/v2\/pages\/49586\/revisions"}],"predecessor-version":[{"id":53052,"href":"https:\/\/www.seemoi.de\/en\/wp-json\/wp\/v2\/pages\/49586\/revisions\/53052"}],"wp:attachment":[{"href":"https:\/\/www.seemoi.de\/en\/wp-json\/wp\/v2\/media?parent=49586"}],"curies":[{"name":"wp","href":"https:\/\/api.w.org\/{rel}","templated":true}]}}